{"id":6017,"date":"2025-03-04T16:44:57","date_gmt":"2025-03-04T15:44:57","guid":{"rendered":"https:\/\/www.e-medical.it\/blog\/?page_id=6017"},"modified":"2025-08-20T11:29:10","modified_gmt":"2025-08-20T09:29:10","slug":"programma-cashback-e-medical-it","status":"publish","type":"page","link":"https:\/\/www.e-medical.it\/blog\/programma-cashback-e-medical-it\/","title":{"rendered":"Programma Cashback E-medical.it"},"content":{"rendered":"\r\n\r\n\r\n\r\n\r\n\r\n    <meta charset=\"UTF-8\">\r\n    <meta name=\"viewport\" content=\"width=device-width, initial-scale=1.0\">\r\n    <!-- Tailwind CSS CDN -->\r\n    <script src=\"https:\/\/cdn.tailwindcss.com\"><\/script>\r\n    <!-- Google Fonts - Inter -->\r\n    <link href=\"https:\/\/fonts.googleapis.com\/css2?family=Inter:wght@300;400;500;600;700;800&amp;display=swap\" rel=\"stylesheet\">\r\n    <style>\r\n        body {\r\n            font-family: 'Inter', sans-serif;\r\n            background-color: rgb(240, 248, 255); \/* Light sky blue background (aliceblue) *\/\r\n            line-height: 1.6;\r\n        }\r\n        .container-shadow {\r\n            box-shadow: 0 20px 25px -5px rgba(0, 0, 0, 0.1), 0 10px 10px -5px rgba(0, 0, 0, 0.04);\r\n        }\r\n        .section-card {\r\n            background-color: white; \/* Default for inner cards *\/\r\n            border-radius: 1.5rem; \/* More rounded *\/\r\n            padding: 2.5rem; \/* More padding *\/\r\n            box-shadow: 0 10px 15px -3px rgba(0, 0, 0, 0.1), 0 4px 6px -2px rgba(0, 0, 0, 0.05);\r\n            transition: transform 0.3s ease-in-out, box-shadow 0.3s ease-in-out;\r\n        }\r\n        .section-card:hover {\r\n            transform: translateY(-5px);\r\n            box-shadow: 0 15px 20px -5px rgba(0, 0, 0, 0.1), 0 6px 8px -4px rgba(0, 0, 0, 0.08);\r\n        }\r\n        \/* Inline SVG for benefit and process icons *\/\r\n        .icon-small {\r\n            width: 28px; \/* Slightly larger icons *\/\r\n            height: 28px;\r\n            stroke-width: 2;\r\n            stroke: currentColor;\r\n            fill: none;\r\n            stroke-linecap: round;\r\n            stroke-linejoin: round;\r\n        }\r\n        .icon-process {\r\n            width: 40px; \/* Larger icons for process steps *\/\r\n            height: 40px;\r\n            stroke-width: 2;\r\n            stroke: currentColor;\r\n            fill: none;\r\n            stroke-linecap: round;\r\n            stroke-linejoin: round;\r\n        }\r\n        \/* Updated gradient to blue shades *\/\r\n        .gradient-bg {\r\n            background: linear-gradient(to right, #3B82F6, #2563EB); \/* Blue gradient *\/\r\n        }\r\n        .text-gradient {\r\n            background-image: linear-gradient(to right, #3B82F6, #2563EB); \/* Blue gradient *\/\r\n            -webkit-background-clip: text;\r\n            -webkit-text-fill-color: transparent;\r\n        }\r\n    <\/style>\r\n\r\n\r\n    <div class=\"max-w-6xl w-full bg-blue-100 rounded-3xl p-8 sm:p-12 container-shadow mx-auto\">\r\n        <!-- Main Title Section -->\r\n        <div class=\"text-center mb-16\">\r\n            <h1 class=\"text-4xl sm:text-5xl lg:text-6xl font-extrabold text-gray-900 leading-tight mb-6\">\r\n                Scopri il Vero Risparmio con il <span class=\"text-gradient\">Programma di Cashback<\/span> per le Aziende!\r\n            <\/h1>\r\n            <p class=\"text-xl sm:text-2xl text-gray-700 font-medium max-w-3xl mx-auto\">\r\n                Semplifica i tuoi acquisti e ottieni di pi\u00f9 con il nostro programma dedicato ad Aziende e possessori di Partita Iva!\r\n            <\/p>\r\n        <\/div>\r\n\r\n        <!-- Benefits Section -->\r\n        <div class=\"mb-20\">\r\n            <h2 class=\"text-3xl sm:text-4xl font-bold text-gray-800 text-center mb-12\">\r\n                Perch\u00e9 Scegliere il Nostro Programma di Cashback?\r\n            <\/h2>\r\n            <div class=\"grid grid-cols-1 md:grid-cols-2 lg:grid-cols-3 gap-8\">\r\n                <!-- Benefit Item 1: Risparmia su Ogni Acquisto (Cash icon) -->\r\n                <div class=\"flex flex-col items-center text-center bg-blue-50 p-8 rounded-2xl shadow-md hover:shadow-lg transition-all duration-300 transform hover:scale-105\">\r\n                    <div class=\"flex-shrink-0 text-blue-700 mb-4\">\r\n                        <svg class=\"icon-small\" xmlns=\"http:\/\/www.w3.org\/2000\/svg\" viewBox=\"0 0 24 24\" fill=\"none\" stroke=\"currentColor\" stroke-width=\"2\" stroke-linecap=\"round\" stroke-linejoin=\"round\">\r\n                            <rect width=\"20\" height=\"14\" x=\"2\" y=\"5\" rx=\"2\"><\/rect>\r\n                            <path d=\"M2 10h20\"><\/path>\r\n                            <circle cx=\"12\" cy=\"10\" r=\"4\"><\/circle>\r\n                        <\/svg>\r\n                    <\/div>\r\n                    <h3 class=\"text-xl font-semibold text-gray-900 mb-2\">Risparmia su Ogni Acquisto<\/h3>\r\n                    <p class=\"text-gray-700\">Pi\u00f9 acquisti, pi\u00f9 guadagni! Con il nostro programma di cashback, ricevi un rimborso diretto sui tuoi ordini, trasformando ogni spesa in un\u2019opportunit\u00e0 di risparmio reale.<\/p>\r\n                <\/div>\r\n\r\n                <!-- Benefit Item 2: Spedizioni Gratuite (Truck icon) -->\r\n                <div class=\"flex flex-col items-center text-center bg-blue-50 p-8 rounded-2xl shadow-md hover:shadow-lg transition-all duration-300 transform hover:scale-105\">\r\n                    <div class=\"flex-shrink-0 text-blue-700 mb-4\">\r\n                        <svg class=\"icon-small\" xmlns=\"http:\/\/www.w3.org\/2000\/svg\" viewBox=\"0 0 24 24\" fill=\"none\" stroke=\"currentColor\" stroke-width=\"2\" stroke-linecap=\"round\" stroke-linejoin=\"round\">\r\n                            <path d=\"M14 18V6a2 2 0 0 0-2-2H4a2 2 0 0 0-2 2v11a1 1 0 0 0 1 1h2\"><\/path>\r\n                            <path d=\"M15 18H9\"><\/path>\r\n                            <path d=\"M19 18h2a1 1 0 0 0 1-1v-3.82a1 1 0 0 0-.84-1.2L18 10a2 2 0 0 0-2-2h-2\"><\/path>\r\n                            <circle cx=\"7\" cy=\"18\" r=\"2\"><\/circle>\r\n                            <circle cx=\"17\" cy=\"18\" r=\"2\"><\/circle>\r\n                        <\/svg>\r\n                    <\/div>\r\n                    <div>\r\n                        <h3 class=\"text-xl font-semibold text-gray-900 mb-2\">Spedizioni Gratuite<\/h3>\r\n                        <p class=\"text-gray-700\">Dimentica i costi di spedizione! Per i membri del Programma, le spedizioni sono sempre gratuite, garantendoti un ulteriore risparmio su ogni ordine.<\/p>\r\n                    <\/div>\r\n                <\/div>\r\n\r\n                <!-- Benefit Item 3: Priorit\u00e0 di Lavorazione Ordini (Fast-forward icon) -->\r\n                <div class=\"flex flex-col items-center text-center bg-blue-50 p-8 rounded-2xl shadow-md hover:shadow-lg transition-all duration-300 transform hover:scale-105\">\r\n                    <div class=\"flex-shrink-0 text-blue-700 mb-4\">\r\n                        <svg class=\"icon-small\" xmlns=\"http:\/\/www.w3.org\/2000\/svg\" viewBox=\"0 0 24 24\" fill=\"none\" stroke=\"currentColor\" stroke-width=\"2\" stroke-linecap=\"round\" stroke-linejoin=\"round\">\r\n                            <polygon points=\"13 19 22 12 13 5 13 19\"><\/polygon>\r\n                            <polygon points=\"2 19 11 12 2 5 2 19\"><\/polygon>\r\n                        <\/svg>\r\n                    <\/div>\r\n                    <div>\r\n                        <h3 class=\"text-xl font-semibold text-gray-900 mb-2\">Priorit\u00e0 di Lavorazione Ordini<\/h3>\r\n                        <p class=\"text-gray-700\">Il tuo tempo \u00e8 prezioso! I tuoi ordini vengono elaborati con priorit\u00e0 per assicurarti consegne ancora pi\u00f9 rapide e senza attese.<\/p>\r\n                    <\/div>\r\n                <\/div>\r\n\r\n                <!-- Benefit Item 4: Catalogo Ampio e Personalizzato (Book icon) -->\r\n                <div class=\"flex flex-col items-center text-center bg-blue-50 p-8 rounded-2xl shadow-md hover:shadow-lg transition-all duration-300 transform hover:scale-105\">\r\n                    <div class=\"flex-shrink-0 text-blue-700 mb-4\">\r\n                        <svg class=\"icon-small\" xmlns=\"http:\/\/www.w3.org\/2000\/svg\" viewBox=\"0 0 24 24\" fill=\"none\" stroke=\"currentColor\" stroke-width=\"2\" stroke-linecap=\"round\" stroke-linejoin=\"round\">\r\n                            <path d=\"M4 19.5v-15A2.5 2.5 0 0 1 6.5 2H20v20H6.5a2.5 2.5 0 0 1 0-5H20\"><\/path>\r\n                        <\/svg>\r\n                    <\/div>\r\n                    <div>\r\n                        <h3 class=\"text-xl font-semibold text-gray-900 mb-2\">Catalogo Ampio e Personalizzato<\/h3>\r\n                        <p class=\"text-gray-700\">Abbiamo un assortimento completo e sempre aggiornato per soddisfare ogni tua esigenza. E se non trovi ci\u00f2 che cerchi, ci pensiamo noi a reperirlo per te!<\/p>\r\n                    <\/div>\r\n                <\/div>\r\n\r\n                <!-- Benefit Item 5: Assistenza Dedicata (Headset icon) -->\r\n                <div class=\"flex flex-col items-center text-center bg-blue-50 p-8 rounded-2xl shadow-md hover:shadow-lg transition-all duration-300 transform hover:scale-105\">\r\n                    <div class=\"flex-shrink-0 text-blue-700 mb-4\">\r\n                        <svg class=\"icon-small\" xmlns=\"http:\/\/www.w3.org\/2000\/svg\" viewBox=\"0 0 24 24\" fill=\"none\" stroke=\"currentColor\" stroke-width=\"2\" stroke-linecap=\"round\" stroke-linejoin=\"round\">\r\n                            <path d=\"M3 18v-6a9 9 0 0 1 18 0v6\"><\/path>\r\n                            <path d=\"M21 19a2 2 0 0 1-2 2h-1a2 2 0 0 1-2-2v-3a2 2 0 0 1 2-2h3zM3 19a2 2 0 0 0 2 2h1a2 2 0 0 0 2-2v-3a2 2 0 0 0-2-2H3z\"><\/path>\r\n                        <\/svg>\r\n                    <\/div>\r\n                    <div>\r\n                        <h3 class=\"text-xl font-semibold text-gray-900 mb-2\">Assistenza Dedicata<\/h3>\r\n                        <p class=\"text-gray-700\">Un team di esperti sempre a tua disposizione per supportarti in ogni fase del processo di acquisto. La tua soddisfazione \u00e8 la nostra missione.<\/p>\r\n                    <\/div>\r\n                <\/div>\r\n\r\n                <!-- Benefit Item 6: Modalit\u00e0 di Pagamento Flessibili (Credit Card icon) -->\r\n                <div class=\"flex flex-col items-center text-center bg-blue-50 p-8 rounded-2xl shadow-md hover:shadow-lg transition-all duration-300 transform hover:scale-105\">\r\n                    <div class=\"flex-shrink-0 text-blue-700 mb-4\">\r\n                        <svg class=\"icon-small\" xmlns=\"http:\/\/www.w3.org\/2000\/svg\" viewBox=\"0 0 24 24\" fill=\"none\" stroke=\"currentColor\" stroke-width=\"2\" stroke-linecap=\"round\" stroke-linejoin=\"round\">\r\n                            <rect width=\"20\" height=\"14\" x=\"2\" y=\"5\" rx=\"2\"><\/rect>\r\n                            <line x1=\"2\" y1=\"10\" x2=\"22\" y2=\"10\"><\/line>\r\n                        <\/svg>\r\n                    <\/div>\r\n                    <div>\r\n                        <h3 class=\"text-xl font-semibold text-gray-900 mb-2\">Modalit\u00e0 di Pagamento Flessibili<\/h3>\r\n                        <p class=\"text-gray-700\">Ogni realt\u00e0 ha esigenze diverse: per questo offriamo la possibilit\u00e0 di concordare modalit\u00e0 di pagamento personalizzate, per garantirti la massima flessibilit\u00e0.<\/p>\r\n                    <\/div>\r\n                <\/div>\r\n            <\/div>\r\n        <\/div>\r\n\r\n        <!-- Horizontal Section: How it Works and Contact Form -->\r\n        <div class=\"grid grid-cols-1 lg:grid-cols-2 gap-12 mt-20\">\r\n            <!-- How it Works Section -->\r\n            <div class=\"section-card bg-blue-50\">\r\n                <h2 class=\"text-3xl sm:text-4xl font-bold text-gray-800 text-center mb-10\">\r\n                    Come funziona il nostro servizio di consulenza professionale\r\n                <\/h2>\r\n                <div class=\"grid grid-cols-1 gap-8\">\r\n                    <!-- Step 1: Leave Contacts -->\r\n                    <div class=\"flex items-start p-6 bg-white rounded-xl shadow-sm transform hover:translate-x-1 hover:shadow-md transition-all duration-300\">\r\n                        <div class=\"flex-shrink-0 text-blue-700 mr-5\">\r\n                            <svg class=\"icon-process\" xmlns=\"http:\/\/www.w3.org\/2000\/svg\" viewBox=\"0 0 24 24\" fill=\"none\" stroke=\"currentColor\" stroke-width=\"2\" stroke-linecap=\"round\" stroke-linejoin=\"round\">\r\n                                <path d=\"M4 4h16c1.1 0 2 .9 2 2v12c0 1.1-.9 2-2 2H4c-1.1 0-2-.9-2-2V6c0-1.1.9-2 2-2z\"><\/path>\r\n                                <polyline points=\"22,6 12,13 2,6\"><\/polyline>\r\n                            <\/svg>\r\n                        <\/div>\r\n                        <div class=\"text-left\"> <!-- Added text-left to ensure left alignment -->\r\n                            <h3 class=\"text-xl font-semibold text-gray-900 mb-1\">LASCIA I TUOI CONTATTI<\/h3>\r\n                            <p class=\"text-gray-700\">Compila il form qui sotto, con il nome della tua azienda e la mail per poterti contattare.<\/p>\r\n                        <\/div>\r\n                    <\/div>\r\n\r\n                    <!-- Step 2: Callback within 24 hours -->\r\n                    <div class=\"flex items-start p-6 bg-white rounded-xl shadow-sm transform hover:translate-x-1 hover:shadow-md transition-all duration-300\">\r\n                        <div class=\"flex-shrink-0 text-blue-700 mr-5\">\r\n                            <svg class=\"icon-process\" xmlns=\"http:\/\/www.w3.org\/2000\/svg\" viewBox=\"0 0 24 24\" fill=\"none\" stroke=\"currentColor\" stroke-width=\"2\" stroke-linecap=\"round\" stroke-linejoin=\"round\">\r\n                                <circle cx=\"12\" cy=\"12\" r=\"10\"><\/circle>\r\n                                <polyline points=\"12 6 12 12 16 14\"><\/polyline>\r\n                            <\/svg>\r\n                        <\/div>\r\n                        <div class=\"text-left\"> <!-- Added text-left -->\r\n                            <h3 class=\"text-xl font-semibold text-gray-900 mb-1\">CONTATTO ENTRO 24 ORE<\/h3>\r\n                            <p class=\"text-gray-700\">Un nostro consulente ti contatter\u00e0 entro 24 ore per trovare la soluzione adatta.<\/p>\r\n                        <\/div>\r\n                    <\/div>\r\n\r\n                    <!-- Step 3: Personalized Catalog\/Quote -->\r\n                    <div class=\"flex items-start p-6 bg-white rounded-xl shadow-sm transform hover:translate-x-1 hover:shadow-md transition-all duration-300\">\r\n                        <div class=\"flex-shrink-0 text-blue-700 mr-5\">\r\n                            <svg class=\"icon-process\" xmlns=\"http:\/\/www.w3.org\/2000\/svg\" viewBox=\"0 0 24 24\" fill=\"none\" stroke=\"currentColor\" stroke-width=\"2\" stroke-linecap=\"round\" stroke-linejoin=\"round\">\r\n                                <path d=\"M14 2H6a2 2 0 0 0-2 2v16a2 2 0 0 0 2 2h12a2 2 0 0 0 2-2V8z\"><\/path>\r\n                                <polyline points=\"14 2 14 8 20 8\"><\/polyline>\r\n                                <line x1=\"16\" y1=\"13\" x2=\"8\" y2=\"13\"><\/line>\r\n                                <line x1=\"16\" y1=\"17\" x2=\"8\" y2=\"17\"><\/line>\r\n                                <line x1=\"10\" y1=\"9\" x2=\"8\" y2=\"9\"><\/line>\r\n                            <\/svg>\r\n                        <\/div>\r\n                        <div class=\"text-left\"> <!-- Added text-left -->\r\n                            <h3 class=\"text-xl font-semibold text-gray-900 mb-1\">REGOLAMENTO E CATALOGHI<\/h3>\r\n                            <p class=\"text-gray-700\">Lasciando i tuoi dati, riceverai una mail con il REGOLAMENTO del programma cashback e il link dove scaricare il CATALOGO in base alla tuo core business.<\/p>\r\n                        <\/div>\r\n                    <\/div>\r\n                <\/div>\r\n            <\/div>\r\n\r\n            <!-- Contact Form Section (moved to be side-by-side) -->\r\n            <div class=\"section-card bg-gray-50\">\r\n                <h2 class=\"text-3xl sm:text-4xl font-bold text-gray-800 text-center mb-8\">\r\n                    Contattaci per Maggiori Informazioni!\r\n                <\/h2>\r\n                <p class=\"text-lg text-gray-700 text-center mb-8\">\r\n                    Compila il modulo sottostante e il nostro team ti ricontatter\u00e0 al pi\u00f9 presto.\r\n                <\/p>\r\n                <!-- Spazio per il codice del plugin Fluent Forms -->\r\n                <div id=\"fluent-form-container\" class=\"border-2 border-dashed border-gray-300 rounded-lg p-6 text-center text-gray-500 min-h-&#091;250px&#093; flex items-center justify-center bg-white shadow-inner\">\r\n                    <div class='fluentform ff-default fluentform_wrapper_5 ffs_default_wrap'><form data-form_id=\"5\" id=\"fluentform_5\" class=\"frm-fluent-form fluent_form_5 ff-el-form-top ff_form_instance_5_1 ff-form-loading ffs_default\" data-form_instance=\"ff_form_instance_5_1\" method=\"POST\" ><fieldset  style=\"border: none!important;margin: 0!important;padding: 0!important;background-color: transparent!important;box-shadow: none!important;outline: none!important; min-inline-size: 100%;\">\n                    <legend class=\"ff_screen_reader_title\" style=\"display: block; margin: 0!important;padding: 0!important;height: 0!important;text-indent: -999999px;width: 0!important;overflow:hidden;\">cash back aziende<\/legend><input type='hidden' name='__fluent_form_embded_post_id' value='6017' \/><input type=\"hidden\" id=\"_fluentform_5_fluentformnonce\" name=\"_fluentform_5_fluentformnonce\" value=\"568589c3bb\" \/><input type=\"hidden\" name=\"_wp_http_referer\" value=\"\/blog\/wp-json\/wp\/v2\/pages\/6017\" \/><div class='ff-el-group'><div class=\"ff-el-input--label ff-el-is-required asterisk-right\"><label for='ff_5_your-name' id='label_ff_5_your-name' >Ragione Sociale<\/label><\/div><div class='ff-el-input--content'><input type=\"text\" name=\"your-name\" class=\"ff-el-form-control\" id=\"ff_5_your-name\" data-name=\"your-name\"  aria-invalid=\"false\" aria-required=true><\/div><\/div><div class='ff-el-group'><div class=\"ff-el-input--label ff-el-is-required asterisk-right\"><label for='ff_5_your-email' id='label_ff_5_your-email' aria-label=\"La tua email\">La tua email<\/label><\/div><div class='ff-el-input--content'><input type=\"email\" name=\"your-email\" class=\"ff-el-form-control\" id=\"ff_5_your-email\" data-name=\"your-email\"  aria-invalid=\"false\" aria-required=true><\/div><\/div><div class='ff-el-group'><div class=\"ff-el-input--label ff-el-is-required asterisk-right\"><label for='ff_5_input_text' id='label_ff_5_input_text' aria-label=\"Numero di Telefono\">Numero di Telefono<\/label><\/div><div class='ff-el-input--content'><input type=\"text\" name=\"input_text\" class=\"ff-el-form-control\" placeholder=\"Un nostro consulente ti contatter\u00e0 entro 24 ore\" data-name=\"input_text\" id=\"ff_5_input_text\"  aria-invalid=\"false\" aria-required=true><\/div><\/div><div class='ff-el-group'><div class=\"ff-el-input--label asterisk-right\"><label for='ff_5_dropdown' id='label_ff_5_dropdown' aria-label=\"Area di Attivit\u00e0\">Area di Attivit\u00e0<\/label><\/div><div class='ff-el-input--content'><select name=\"dropdown\" id=\"ff_5_dropdown\" class=\"ff-el-form-control\" data-name=\"dropdown\" data-calc_value=\"0\"  aria-invalid=\"false\" aria-required=\"false\" aria-labelledby=\"label_ff_5_dropdown\"><option value=\"\">Clicca per selezionare<\/option><option value=\"Case di Riposo\"  >Case di Riposo<\/option><option value=\"Studi Medici\"  >Studi Medici<\/option><option value=\"Liberi Professionisti\"  >Liberi Professionisti<\/option><option value=\"Centri Estetici\"  >Centri Estetici<\/option><option value=\"Rivenditore\"  >Rivenditore<\/option><option value=\"Altro\"  >Altro<\/option><\/select><\/div><\/div><div class='ff-el-group'><div class=\"ff-el-input--label asterisk-right\"><label for='ff_5_your-message' id='label_ff_5_your-message' aria-label=\"Il tuo messaggio (facoltativo)\">Il tuo messaggio (facoltativo)<\/label><\/div><div class='ff-el-input--content'><textarea aria-required=\"false\" aria-labelledby=\"label_ff_5_your-message\" name=\"your-message\" class=\"ff-el-form-control\" id=\"ff_5_your-message\" cols=\"2\" data-name=\"your-message\" ><\/textarea><\/div><\/div><div class='ff-el-group    ff-el-input--content'><div class='ff-el-form-check ff-el-tc'><label aria-label='Acconsento che questo sito web memorizzi le informazioni da me inviate.' class='ff-el-form-check-label ff_tc_label' for=gdpr-agreement_ddb3ebfc40a5ee1c0e8a07e16c9f2a6f><span class='ff_tc_checkbox'><input type=\"checkbox\" name=\"gdpr-agreement\" class=\"ff-el-form-check-input ff_gdpr_field\" data-name=\"gdpr-agreement\" id=\"gdpr-agreement_ddb3ebfc40a5ee1c0e8a07e16c9f2a6f\"  value='on' aria-invalid='false' aria-required=true><\/span> <div class='ff_t_c'>Acconsento che questo sito web memorizzi le informazioni da me inviate.<\/div><\/label><\/div><\/div><div class='ff-el-group    ff-el-input--content'><div class='ff-el-form-check ff-el-tc'><label aria-label='Terms and Conditions: Ho letto e accetto i Termini e le Condizioni del servizio. Contains 1 link. Use tab navigation to review.' class='ff-el-form-check-label ff_tc_label' for=terms-n-condition_8f51daeb41761598f7960f22f321d559><span class='ff_tc_checkbox'><input type=\"checkbox\" name=\"terms-n-condition\" class=\"ff-el-form-check-input\" data-name=\"terms-n-condition\" id=\"terms-n-condition_8f51daeb41761598f7960f22f321d559\"  value='on' aria-invalid='false' aria-required=true><\/span> <div class='ff_t_c'><p>Ho letto e accetto i <a href=\"https:\/\/www.e-medical.it\/shop\/content\/21-tutela-della-privacy\">Termini e le Condizioni<\/a> del servizio.<\/p><\/div><\/label><\/div><\/div><div class='ff-el-group ff-text-center ff_submit_btn_wrapper'><button type=\"submit\" class=\"ff-btn ff-btn-submit ff-btn-md ff_btn_style\"  aria-label=\"Invia\">Invia<\/button><\/div><\/fieldset><\/form><div id='fluentform_5_errors' class='ff-errors-in-stack ff_form_instance_5_1 ff-form-loading_errors ff_form_instance_5_1_errors'><\/div><\/div>            <script type=\"text\/javascript\">\n                window.fluent_form_ff_form_instance_5_1 = {\"id\":\"5\",\"settings\":{\"layout\":{\"labelPlacement\":\"top\",\"asteriskPlacement\":\"asterisk-right\",\"helpMessagePlacement\":\"with_label\",\"errorMessagePlacement\":\"inline\",\"cssClassName\":\"\"},\"restrictions\":{\"denyEmptySubmission\":{\"enabled\":false}}},\"form_instance\":\"ff_form_instance_5_1\",\"form_id_selector\":\"fluentform_5\",\"rules\":{\"your-name\":{\"required\":{\"value\":true,\"message\":\"This field is required\",\"global\":false,\"global_message\":\"Questo campo \\u00e8 obbligatorio\"}},\"your-email\":{\"required\":{\"value\":true,\"message\":\"This field is required\",\"global\":false,\"global_message\":\"Questo campo \\u00e8 obbligatorio\"},\"email\":{\"value\":1,\"message\":\"This field must contain a valid email\",\"global\":false,\"global_message\":\"Questo campo deve contenere un indirizzo email valido\"}},\"input_text\":{\"required\":{\"value\":true,\"message\":\"Questo campo \\u00e8 obbligatorio\",\"global_message\":\"Questo campo \\u00e8 obbligatorio\",\"global\":true}},\"dropdown\":{\"required\":{\"value\":false,\"message\":\"Questo campo \\u00e8 obbligatorio\",\"global_message\":\"Questo campo \\u00e8 obbligatorio\",\"global\":true}},\"your-message\":{\"required\":{\"value\":false,\"message\":\"This field is required\",\"global\":false,\"global_message\":\"Questo campo \\u00e8 obbligatorio\"}},\"gdpr-agreement\":{\"required\":{\"value\":true,\"message\":\"Questo campo \\u00e8 obbligatorio\",\"global_message\":\"Questo campo \\u00e8 obbligatorio\",\"global\":true}},\"terms-n-condition\":{\"required\":{\"value\":true,\"message\":\"Questo campo \\u00e8 obbligatorio\",\"global_message\":\"Questo campo \\u00e8 obbligatorio\",\"global\":true}}},\"debounce_time\":300};\n                            <\/script>\n            \r\n                    <!-- Esempio di come potrebbe apparire un iframe per un modulo\r\n                    <iframe loading=\"lazy\" src=\"URL_DEL_TUO_MODULO_FLUENT_FORMS\" width=\"100%\" height=\"auto\" style=\"border:none;\" title=\"Modulo di Contatto\"><\/iframe>\r\n                    -->\r\n                <\/div>\r\n            <\/div>\r\n        <\/div>\r\n\r\n            <!-- Call to action\/Footer -->\r\n        <div class=\"text-center mt-20 p-8 bg-blue-50 rounded-xl\">\r\n            <p class=\"text-lg text-gray-700 font-medium\">Per maggiori informazioni e per aderire al programma, contattaci su <a href=\"https:\/\/api.whatsapp.com\/send\/?phone=3909711613029&amp;text&amp;type=phone_number&amp;app_absent=0\" class=\"text-blue-800 hover:text-blue-900 font-bold underline transition-colors duration-300\" target=\"_blank\" rel=\"noopener noreferrer\">WhatsApp!<\/a><\/p>\r\n        <\/div>\r\n    <\/div>\r\n\r\n","protected":false},"excerpt":{"rendered":"","protected":false},"author":3,"featured_media":0,"parent":0,"menu_order":0,"comment_status":"closed","ping_status":"closed","template":"page-blank-title-center.php","meta":{"footnotes":""},"class_list":["post-6017","page","type-page","status-publish","hentry"],"_links":{"self":[{"href":"https:\/\/www.e-medical.it\/blog\/wp-json\/wp\/v2\/pages\/6017","targetHints":{"allow":["GET"]}}],"collection":[{"href":"https:\/\/www.e-medical.it\/blog\/wp-json\/wp\/v2\/pages"}],"about":[{"href":"https:\/\/www.e-medical.it\/blog\/wp-json\/wp\/v2\/types\/page"}],"author":[{"embeddable":true,"href":"https:\/\/www.e-medical.it\/blog\/wp-json\/wp\/v2\/users\/3"}],"replies":[{"embeddable":true,"href":"https:\/\/www.e-medical.it\/blog\/wp-json\/wp\/v2\/comments?post=6017"}],"version-history":[{"count":35,"href":"https:\/\/www.e-medical.it\/blog\/wp-json\/wp\/v2\/pages\/6017\/revisions"}],"predecessor-version":[{"id":7539,"href":"https:\/\/www.e-medical.it\/blog\/wp-json\/wp\/v2\/pages\/6017\/revisions\/7539"}],"wp:attachment":[{"href":"https:\/\/www.e-medical.it\/blog\/wp-json\/wp\/v2\/media?parent=6017"}],"curies":[{"name":"wp","href":"https:\/\/api.w.org\/{rel}","templated":true}]}}